{"id":6649,"date":"2024-07-23T06:13:09","date_gmt":"2024-07-23T06:13:09","guid":{"rendered":"https:\/\/www.dornaecohouse.ro\/?page_id=6649"},"modified":"2024-07-23T06:13:20","modified_gmt":"2024-07-23T06:13:20","slug":"confirmare-partener","status":"publish","type":"page","link":"https:\/\/www.dornaecohouse.ro\/en\/confirmare-partener\/","title":{"rendered":"Confirmare Partener"},"content":{"rendered":"<div data-elementor-type=\"wp-page\" data-elementor-id=\"6649\" class=\"elementor elementor-6649\" data-elementor-post-type=\"page\">\n\t\t\t\t\t\t<section class=\"elementor-section elementor-top-section elementor-element elementor-element-22f3037 elementor-section-full_width elementor-section-height-min-height elementor-section-height-default elementor-section-items-middle elementor-invisible\" data-id=\"22f3037\" data-element_type=\"section\" data-e-type=\"section\" data-settings=\"{&quot;animation&quot;:&quot;fadeIn&quot;}\">\n\t\t\t\t\t\t<div class=\"elementor-container elementor-column-gap-default\">\n\t\t\t\t\t<div class=\"elementor-column elementor-col-100 elementor-top-column elementor-element elementor-element-157f680\" data-id=\"157f680\" data-element_type=\"column\" data-e-type=\"column\">\n\t\t\t<div class=\"elementor-widget-wrap elementor-element-populated\">\n\t\t\t\t\t\t<div class=\"elementor-element elementor-element-6eb1178 elementor-widget elementor-widget-image\" data-id=\"6eb1178\" data-element_type=\"widget\" data-e-type=\"widget\" data-widget_type=\"image.default\">\n\t\t\t\t<div class=\"elementor-widget-container\">\n\t\t\t\t\t\t\t\t\t\t\t\t\t\t\t<img decoding=\"async\" src=\"https:\/\/www.dornaecohouse.ro\/wp-content\/uploads\/2021\/02\/logo2.svg\" class=\"attachment-full size-full wp-image-311\" alt=\"logo Dorna Eco House\" \/>\t\t\t\t\t\t\t\t\t\t\t\t\t\t\t<\/div>\n\t\t\t\t<\/div>\n\t\t\t\t<div class=\"elementor-element elementor-element-09c6b47 elementor-widget elementor-widget-heading\" data-id=\"09c6b47\" data-element_type=\"widget\" data-e-type=\"widget\" data-widget_type=\"heading.default\">\n\t\t\t\t<div class=\"elementor-widget-container\">\n\t\t\t\t\t<h2 class=\"elementor-heading-title elementor-size-default\">Formularul a fost trimis cu succes!<\/h2>\t\t\t\t<\/div>\n\t\t\t\t<\/div>\n\t\t\t\t<div class=\"elementor-element elementor-element-db53bd8 elementor-widget__width-initial elementor-widget elementor-widget-heading\" data-id=\"db53bd8\" data-element_type=\"widget\" data-e-type=\"widget\" data-widget_type=\"heading.default\">\n\t\t\t\t<div class=\"elementor-widget-container\">\n\t\t\t\t\t<h2 class=\"elementor-heading-title elementor-size-default\">Echipa noastr\u0103 se ocup\u0103 acum de cererea ta \u0219i te vom contacta \u00een cel mai scurt timp posibil.\n<\/h2>\t\t\t\t<\/div>\n\t\t\t\t<\/div>\n\t\t\t\t<div class=\"elementor-element elementor-element-f504d11 elementor-widget elementor-widget-spacer\" data-id=\"f504d11\" data-element_type=\"widget\" data-e-type=\"widget\" data-widget_type=\"spacer.default\">\n\t\t\t\t<div class=\"elementor-widget-container\">\n\t\t\t\t\t\t\t<div class=\"elementor-spacer\">\n\t\t\t<div class=\"elementor-spacer-inner\"><\/div>\n\t\t<\/div>\n\t\t\t\t\t\t<\/div>\n\t\t\t\t<\/div>\n\t\t\t\t<div class=\"elementor-element elementor-element-f269f69 elementor-widget__width-initial elementor-widget elementor-widget-heading\" data-id=\"f269f69\" data-element_type=\"widget\" data-e-type=\"widget\" data-widget_type=\"heading.default\">\n\t\t\t\t<div class=\"elementor-widget-container\">\n\t\t\t\t\t<h2 class=\"elementor-heading-title elementor-size-default\">\nP\u00e2n\u0103 atunci, te invit\u0103m s\u0103 explorezi mai multe despre noi \u0219i despre serviciile noastre pe site-ul nostru.\n\n<\/h2>\t\t\t\t<\/div>\n\t\t\t\t<\/div>\n\t\t\t\t<div class=\"elementor-element elementor-element-fff6edb elementor-widget__width-initial elementor-widget elementor-widget-heading\" data-id=\"fff6edb\" data-element_type=\"widget\" data-e-type=\"widget\" data-widget_type=\"heading.default\">\n\t\t\t\t<div class=\"elementor-widget-container\">\n\t\t\t\t\t<h2 class=\"elementor-heading-title elementor-size-default\">Mul\u021bumim \u00eenc\u0103 o dat\u0103 pentru interesul acordat! \u2728<\/h2>\t\t\t\t<\/div>\n\t\t\t\t<\/div>\n\t\t\t\t<div class=\"elementor-element elementor-element-85d5fc2 elementor-widget elementor-widget-spacer\" data-id=\"85d5fc2\" data-element_type=\"widget\" data-e-type=\"widget\" data-widget_type=\"spacer.default\">\n\t\t\t\t<div class=\"elementor-widget-container\">\n\t\t\t\t\t\t\t<div class=\"elementor-spacer\">\n\t\t\t<div class=\"elementor-spacer-inner\"><\/div>\n\t\t<\/div>\n\t\t\t\t\t\t<\/div>\n\t\t\t\t<\/div>\n\t\t\t\t<div class=\"elementor-element elementor-element-18d8047 elementor-icon-list--layout-inline elementor-align-center elementor-list-item-link-full_width elementor-widget elementor-widget-icon-list\" data-id=\"18d8047\" data-element_type=\"widget\" data-e-type=\"widget\" data-widget_type=\"icon-list.default\">\n\t\t\t\t<div class=\"elementor-widget-container\">\n\t\t\t\t\t\t\t<ul class=\"elementor-icon-list-items elementor-inline-items\">\n\t\t\t\t\t\t\t<li class=\"elementor-icon-list-item elementor-inline-item\">\n\t\t\t\t\t\t\t\t\t\t\t<a href=\"https:\/\/www.dornaecohouse.ro\/en\">\n\n\t\t\t\t\t\t\t\t\t\t\t<span class=\"elementor-icon-list-text\">Pagina Principal\u0103<\/span>\n\t\t\t\t\t\t\t\t\t\t\t<\/a>\n\t\t\t\t\t\t\t\t\t<\/li>\n\t\t\t\t\t\t\t\t<li class=\"elementor-icon-list-item elementor-inline-item\">\n\t\t\t\t\t\t\t\t\t\t\t<a href=\"https:\/\/www.dornaecohouse.ro\/en\/completed-projects\/\">\n\n\t\t\t\t\t\t\t\t\t\t\t<span class=\"elementor-icon-list-text\">Completed projects<\/span>\n\t\t\t\t\t\t\t\t\t\t\t<\/a>\n\t\t\t\t\t\t\t\t\t<\/li>\n\t\t\t\t\t\t\t\t<li class=\"elementor-icon-list-item elementor-inline-item translation-block\">Become<br>\nPartner<\/li>\n\t\t\t\t\t\t\t\t<li class=\"elementor-icon-list-item elementor-inline-item\">\n\t\t\t\t\t\t\t\t\t\t\t<a href=\"https:\/\/www.dornaecohouse.ro\/en\/price-estimate\/\">\n\n\t\t\t\t\t\t\t\t\t\t\t<span class=\"elementor-icon-list-text\">Estimare de Pre\u021b<\/span>\n\t\t\t\t\t\t\t\t\t\t\t<\/a>\n\t\t\t\t\t\t\t\t\t<\/li>\n\t\t\t\t\t\t<\/ul>\n\t\t\t\t\t\t<\/div>\n\t\t\t\t<\/div>\n\t\t\t\t\t<\/div>\n\t\t<\/div>\n\t\t\t\t\t<\/div>\n\t\t<\/section>\n\t\t\t\t<\/div>","protected":false},"excerpt":{"rendered":"<p>Formularul a fost trimis cu succes! Echipa noastr\u0103 se ocup\u0103 acum de cererea ta \u0219i te vom contacta \u00een cel [&hellip;]<\/p>\n","protected":false},"author":1983,"featured_media":0,"parent":0,"menu_order":0,"comment_status":"closed","ping_status":"closed","template":"elementor_header_footer","meta":{"site-sidebar-layout":"default","site-content-layout":"","ast-site-content-layout":"default","site-content-style":"default","site-sidebar-style":"default","ast-global-header-display":"","ast-banner-title-visibility":"","ast-main-header-display":"","ast-hfb-above-header-display":"","ast-hfb-below-header-display":"","ast-hfb-mobile-header-display":"","site-post-title":"","ast-breadcrumbs-content":"","ast-featured-img":"","footer-sml-layout":"","ast-disable-related-posts":"","theme-transparent-header-meta":"","adv-header-id-meta":"","stick-header-meta":"","header-above-stick-meta":"","header-main-stick-meta":"","header-below-stick-meta":"","astra-migrate-meta-layouts":"default","ast-page-background-enabled":"default","ast-page-background-meta":{"desktop":{"background-color":"var(--ast-global-color-4)","background-image":"","background-repeat":"repeat","background-position":"center center","background-size":"auto","background-attachment":"scroll","background-type":"","background-media":"","overlay-type":"","overlay-color":"","overlay-opacity":"","overlay-gradient":""},"tablet":{"background-color":"","background-image":"","background-repeat":"repeat","background-position":"center center","background-size":"auto","background-attachment":"scroll","background-type":"","background-media":"","overlay-type":"","overlay-color":"","overlay-opacity":"","overlay-gradient":""},"mobile":{"background-color":"","background-image":"","background-repeat":"repeat","background-position":"center center","background-size":"auto","background-attachment":"scroll","background-type":"","background-media":"","overlay-type":"","overlay-color":"","overlay-opacity":"","overlay-gradient":""}},"ast-content-background-meta":{"desktop":{"background-color":"var(--ast-global-color-5)","background-image":"","background-repeat":"repeat","background-position":"center center","background-size":"auto","background-attachment":"scroll","background-type":"","background-media":"","overlay-type":"","overlay-color":"","overlay-opacity":"","overlay-gradient":""},"tablet":{"background-color":"var(--ast-global-color-5)","background-image":"","background-repeat":"repeat","background-position":"center center","background-size":"auto","background-attachment":"scroll","background-type":"","background-media":"","overlay-type":"","overlay-color":"","overlay-opacity":"","overlay-gradient":""},"mobile":{"background-color":"var(--ast-global-color-5)","background-image":"","background-repeat":"repeat","background-position":"center center","background-size":"auto","background-attachment":"scroll","background-type":"","background-media":"","overlay-type":"","overlay-color":"","overlay-opacity":"","overlay-gradient":""}},"footnotes":""},"class_list":["post-6649","page","type-page","status-publish","hentry"],"yoast_head":"<!-- This site is optimized with the Yoast SEO plugin v27.2 - https:\/\/yoast.com\/product\/yoast-seo-wordpress\/ -->\n<title>Confirmare Partener - Dorna ECO HOUSE<\/title>\n<meta name=\"robots\" content=\"index, follow, max-snippet:-1, max-image-preview:large, max-video-preview:-1\" \/>\n<link rel=\"canonical\" href=\"https:\/\/www.dornaecohouse.ro\/en\/confirmare-partener\/\" \/>\n<meta property=\"og:locale\" content=\"en_US\" \/>\n<meta property=\"og:type\" content=\"article\" \/>\n<meta property=\"og:title\" content=\"Confirmare Partener - Dorna ECO HOUSE\" \/>\n<meta property=\"og:description\" content=\"Formularul a fost trimis cu succes! Echipa noastr\u0103 se ocup\u0103 acum de cererea ta \u0219i te vom contacta \u00een cel [&hellip;]\" \/>\n<meta property=\"og:url\" content=\"https:\/\/www.dornaecohouse.ro\/en\/confirmare-partener\/\" \/>\n<meta property=\"og:site_name\" content=\"Dorna ECO HOUSE\" \/>\n<meta property=\"article:modified_time\" content=\"2024-07-23T06:13:20+00:00\" \/>\n<meta name=\"twitter:card\" content=\"summary_large_image\" \/>\n<script type=\"application\/ld+json\" class=\"yoast-schema-graph\">{\"@context\":\"https:\/\/schema.org\",\"@graph\":[{\"@type\":\"WebPage\",\"@id\":\"https:\/\/www.dornaecohouse.ro\/confirmare-partener\/\",\"url\":\"https:\/\/www.dornaecohouse.ro\/confirmare-partener\/\",\"name\":\"Confirmare Partener - Dorna ECO HOUSE\",\"isPartOf\":{\"@id\":\"https:\/\/www.dornaecohouse.ro\/#website\"},\"primaryImageOfPage\":{\"@id\":\"https:\/\/www.dornaecohouse.ro\/confirmare-partener\/#primaryimage\"},\"image\":{\"@id\":\"https:\/\/www.dornaecohouse.ro\/confirmare-partener\/#primaryimage\"},\"thumbnailUrl\":\"https:\/\/www.dornaecohouse.ro\/wp-content\/uploads\/2021\/02\/logo2.svg\",\"datePublished\":\"2024-07-23T06:13:09+00:00\",\"dateModified\":\"2024-07-23T06:13:20+00:00\",\"breadcrumb\":{\"@id\":\"https:\/\/www.dornaecohouse.ro\/confirmare-partener\/#breadcrumb\"},\"inLanguage\":\"en-US\",\"potentialAction\":[{\"@type\":\"ReadAction\",\"target\":[\"https:\/\/www.dornaecohouse.ro\/confirmare-partener\/\"]}]},{\"@type\":\"ImageObject\",\"inLanguage\":\"en-US\",\"@id\":\"https:\/\/www.dornaecohouse.ro\/confirmare-partener\/#primaryimage\",\"url\":\"https:\/\/www.dornaecohouse.ro\/wp-content\/uploads\/2021\/02\/logo2.svg\",\"contentUrl\":\"https:\/\/www.dornaecohouse.ro\/wp-content\/uploads\/2021\/02\/logo2.svg\"},{\"@type\":\"BreadcrumbList\",\"@id\":\"https:\/\/www.dornaecohouse.ro\/confirmare-partener\/#breadcrumb\",\"itemListElement\":[{\"@type\":\"ListItem\",\"position\":1,\"name\":\"Prima pagin\u0103\",\"item\":\"https:\/\/www.dornaecohouse.ro\/\"},{\"@type\":\"ListItem\",\"position\":2,\"name\":\"Confirmare Partener\"}]},{\"@type\":\"WebSite\",\"@id\":\"https:\/\/www.dornaecohouse.ro\/#website\",\"url\":\"https:\/\/www.dornaecohouse.ro\/\",\"name\":\"Dorna ECO HOUSE\",\"description\":\"Construc\u021bii Case din lemn, Case ecologice\",\"publisher\":{\"@id\":\"https:\/\/www.dornaecohouse.ro\/#organization\"},\"potentialAction\":[{\"@type\":\"SearchAction\",\"target\":{\"@type\":\"EntryPoint\",\"urlTemplate\":\"https:\/\/www.dornaecohouse.ro\/?s={search_term_string}\"},\"query-input\":{\"@type\":\"PropertyValueSpecification\",\"valueRequired\":true,\"valueName\":\"search_term_string\"}}],\"inLanguage\":\"en-US\"},{\"@type\":\"Organization\",\"@id\":\"https:\/\/www.dornaecohouse.ro\/#organization\",\"name\":\"Dorna ECO HOUSE\",\"url\":\"https:\/\/www.dornaecohouse.ro\/\",\"logo\":{\"@type\":\"ImageObject\",\"inLanguage\":\"en-US\",\"@id\":\"https:\/\/www.dornaecohouse.ro\/#\/schema\/logo\/image\/\",\"url\":\"https:\/\/www.dornaecohouse.ro\/wp-content\/uploads\/2021\/04\/Logo-png.png\",\"contentUrl\":\"https:\/\/www.dornaecohouse.ro\/wp-content\/uploads\/2021\/04\/Logo-png.png\",\"width\":2700,\"height\":2917,\"caption\":\"Dorna ECO HOUSE\"},\"image\":{\"@id\":\"https:\/\/www.dornaecohouse.ro\/#\/schema\/logo\/image\/\"}}]}<\/script>\n<!-- \/ Yoast SEO plugin. -->","yoast_head_json":{"title":"Confirmare Partener - Dorna ECO HOUSE","robots":{"index":"index","follow":"follow","max-snippet":"max-snippet:-1","max-image-preview":"max-image-preview:large","max-video-preview":"max-video-preview:-1"},"canonical":"https:\/\/www.dornaecohouse.ro\/en\/confirmare-partener\/","og_locale":"en_US","og_type":"article","og_title":"Confirmare Partener - Dorna ECO HOUSE","og_description":"Formularul a fost trimis cu succes! Echipa noastr\u0103 se ocup\u0103 acum de cererea ta \u0219i te vom contacta \u00een cel [&hellip;]","og_url":"https:\/\/www.dornaecohouse.ro\/en\/confirmare-partener\/","og_site_name":"Dorna ECO HOUSE","article_modified_time":"2024-07-23T06:13:20+00:00","twitter_card":"summary_large_image","schema":{"@context":"https:\/\/schema.org","@graph":[{"@type":"WebPage","@id":"https:\/\/www.dornaecohouse.ro\/confirmare-partener\/","url":"https:\/\/www.dornaecohouse.ro\/confirmare-partener\/","name":"Confirmare Partener - Dorna ECO HOUSE","isPartOf":{"@id":"https:\/\/www.dornaecohouse.ro\/#website"},"primaryImageOfPage":{"@id":"https:\/\/www.dornaecohouse.ro\/confirmare-partener\/#primaryimage"},"image":{"@id":"https:\/\/www.dornaecohouse.ro\/confirmare-partener\/#primaryimage"},"thumbnailUrl":"https:\/\/www.dornaecohouse.ro\/wp-content\/uploads\/2021\/02\/logo2.svg","datePublished":"2024-07-23T06:13:09+00:00","dateModified":"2024-07-23T06:13:20+00:00","breadcrumb":{"@id":"https:\/\/www.dornaecohouse.ro\/confirmare-partener\/#breadcrumb"},"inLanguage":"en-US","potentialAction":[{"@type":"ReadAction","target":["https:\/\/www.dornaecohouse.ro\/confirmare-partener\/"]}]},{"@type":"ImageObject","inLanguage":"en-US","@id":"https:\/\/www.dornaecohouse.ro\/confirmare-partener\/#primaryimage","url":"https:\/\/www.dornaecohouse.ro\/wp-content\/uploads\/2021\/02\/logo2.svg","contentUrl":"https:\/\/www.dornaecohouse.ro\/wp-content\/uploads\/2021\/02\/logo2.svg"},{"@type":"BreadcrumbList","@id":"https:\/\/www.dornaecohouse.ro\/confirmare-partener\/#breadcrumb","itemListElement":[{"@type":"ListItem","position":1,"name":"Prima pagin\u0103","item":"https:\/\/www.dornaecohouse.ro\/"},{"@type":"ListItem","position":2,"name":"Confirmare Partener"}]},{"@type":"WebSite","@id":"https:\/\/www.dornaecohouse.ro\/#website","url":"https:\/\/www.dornaecohouse.ro\/","name":"Dorna ECO HOUSE","description":"Construc\u021bii Case din lemn, Case ecologice","publisher":{"@id":"https:\/\/www.dornaecohouse.ro\/#organization"},"potentialAction":[{"@type":"SearchAction","target":{"@type":"EntryPoint","urlTemplate":"https:\/\/www.dornaecohouse.ro\/?s={search_term_string}"},"query-input":{"@type":"PropertyValueSpecification","valueRequired":true,"valueName":"search_term_string"}}],"inLanguage":"en-US"},{"@type":"Organization","@id":"https:\/\/www.dornaecohouse.ro\/#organization","name":"Dorna ECO HOUSE","url":"https:\/\/www.dornaecohouse.ro\/","logo":{"@type":"ImageObject","inLanguage":"en-US","@id":"https:\/\/www.dornaecohouse.ro\/#\/schema\/logo\/image\/","url":"https:\/\/www.dornaecohouse.ro\/wp-content\/uploads\/2021\/04\/Logo-png.png","contentUrl":"https:\/\/www.dornaecohouse.ro\/wp-content\/uploads\/2021\/04\/Logo-png.png","width":2700,"height":2917,"caption":"Dorna ECO HOUSE"},"image":{"@id":"https:\/\/www.dornaecohouse.ro\/#\/schema\/logo\/image\/"}}]}},"_links":{"self":[{"href":"https:\/\/www.dornaecohouse.ro\/en\/wp-json\/wp\/v2\/pages\/6649","targetHints":{"allow":["GET"]}}],"collection":[{"href":"https:\/\/www.dornaecohouse.ro\/en\/wp-json\/wp\/v2\/pages"}],"about":[{"href":"https:\/\/www.dornaecohouse.ro\/en\/wp-json\/wp\/v2\/types\/page"}],"author":[{"embeddable":true,"href":"https:\/\/www.dornaecohouse.ro\/en\/wp-json\/wp\/v2\/users\/1983"}],"replies":[{"embeddable":true,"href":"https:\/\/www.dornaecohouse.ro\/en\/wp-json\/wp\/v2\/comments?post=6649"}],"version-history":[{"count":4,"href":"https:\/\/www.dornaecohouse.ro\/en\/wp-json\/wp\/v2\/pages\/6649\/revisions"}],"predecessor-version":[{"id":6653,"href":"https:\/\/www.dornaecohouse.ro\/en\/wp-json\/wp\/v2\/pages\/6649\/revisions\/6653"}],"wp:attachment":[{"href":"https:\/\/www.dornaecohouse.ro\/en\/wp-json\/wp\/v2\/media?parent=6649"}],"curies":[{"name":"wp","href":"https:\/\/api.w.org\/{rel}","templated":true}]}}